{"id":3,"date":"2024-01-02T22:51:51","date_gmt":"2024-01-02T22:51:51","guid":{"rendered":"https:\/\/contarotacoes.com\/?page_id=3"},"modified":"2024-02-15T14:10:10","modified_gmt":"2024-02-15T14:10:10","slug":"politica-privacidade","status":"publish","type":"page","link":"https:\/\/contarotacoes.com\/?page_id=3","title":{"rendered":"Pol\u00edtica de privacidade"},"content":{"rendered":"\n<p class=\"has-text-align-justify\">O Conta Rota\u00e7\u00f5es (contarotacoes.com) reconhece a import\u00e2ncia de proteger os seus dados pessoais, qualquer que seja a sua natureza e valorizamos, acima de tudo, a honestidade e a transpar\u00eancia, de forma que nos seja poss\u00edvel construir uma rela\u00e7\u00e3o s\u00f3lida e duradoura com os nossos clientes, baseada na confian\u00e7a e no benef\u00edcio m\u00fatuo. Assim, e com a entrada em vigor do novo Regulamento Geral da Prote\u00e7\u00e3o de Dados da Uni\u00e3o Europeia (UE 2016\/679), a Conta Rota\u00e7\u00f5es (contarotacoes.com) desenvolveu um conjunto de medidas de seguran\u00e7a que visam a prote\u00e7\u00e3o dos seus dados, as quais refletimos na nossa Pol\u00edtica de Privacidade.<\/p>\n\n\n\n<p class=\"has-text-align-justify\">Esta Pol\u00edtica de Privacidade tem como objetivo explicar-lhe qual a Pol\u00edtica de tratamento de dados pessoais da Conta Rota\u00e7\u00f5es (contarotacoes.com).<\/p>\n\n\n\n<p class=\"has-text-align-justify\">Todavia, se tiver alguma d\u00favida relativamente a esta Pol\u00edtica pode contactar-nos atrav\u00e9s do seguinte endere\u00e7o de correio eletr\u00f3nico: jorgesantos.contarotacoes@gmail.com ou por carta dirigida a: Conta Rota\u00e7\u00f5es (contarotacoes.com), Cantinho dos Marques, N\u00ba 5 &#8211; Andrinos, 2410-013 Leiria.<\/p>\n\n\n\n<p class=\"has-text-align-justify\">IDENTIFICA\u00c7\u00c3O DA EMPRESA<\/p>\n\n\n\n<p class=\"has-text-align-justify\">1.1. Este website e Pol\u00edtica de privacidade correspondente s\u00e3o geridos pela Conta Rota\u00e7\u00f5es (contarotacoes.com), Cantinho dos Marques, N\u00ba 5 &#8211; Andrinos, 2410-013 Leiria.<\/p>\n\n\n\n<p class=\"has-text-align-justify\">1.2. Ao navegar no nosso site estar\u00e1 a consentir com os termos descritos nesta Pol\u00edtica de Privacidade.<\/p>\n\n\n\n<p class=\"has-text-align-justify\">OS NOSSOS PRINC\u00cdPIOS<\/p>\n\n\n\n<p class=\"has-text-align-justify\">2.1. Respeito pela vontade do cliente<\/p>\n\n\n\n<p class=\"has-text-align-justify\">Respeitamos a privacidade e seguran\u00e7a dos seus dados pessoais, pelo que zelamos pelo respeito da vontade do cliente e sua gest\u00e3o aut\u00f3noma, livre e descomplicada das suas prefer\u00eancias de privacidade. Assim, e se discordar de algum ponto referido nesta Pol\u00edtica, pode, a todo o momento opor-se, entrando em contacto connosco atrav\u00e9s do seguinte endere\u00e7o de correio eletr\u00f3nico: jorgesantos.contarotacoes@gmail.com ou por carta dirigida a: Conta Rota\u00e7\u00f5es (contarotacoes.com), Cantinho dos Marques, N\u00ba 5 &#8211; Andrinos, 2410-013 Leiria. Faremos tudo o poss\u00edvel para satisfazer a sua vontade e respeitar as suas preocupa\u00e7\u00f5es.<\/p>\n\n\n\n<p class=\"has-text-align-justify\">2.2. Boas pr\u00e1ticas<\/p>\n\n\n\n<p class=\"has-text-align-justify\">A Conta Rota\u00e7\u00f5es (contarotacoes.com), como o controlador de dados pessoais, determina as finalidades e os meios pelos quais os seus dados pessoais s\u00e3o processados, incluindo todas as medidas de seguran\u00e7a aplic\u00e1veis. Os seus dados pessoais s\u00e3o tratados em Portugal (no caso da newsletter, usamos a plataforma de gest\u00e3o mailchimp.com) de uma forma correta e l\u00edcita e em conformidade com as boas pr\u00e1ticas.<\/p>\n\n\n\n<p class=\"has-text-align-justify\">2.4. Estrita necessidade<\/p>\n\n\n\n<p class=\"has-text-align-justify\">No tratamento de dados que o podem identificar pessoalmente, direta ou indiretamente, aplicamos o princ\u00edpio da estrita necessidade. Por esta raz\u00e3o, a utiliza\u00e7\u00e3o dos seus dados pessoais ser\u00e1 sempre m\u00ednima, de forma a n\u00e3o exceder a finalidade original para o qual foram recolhidos e\/ou processados.<\/p>\n\n\n\n<p class=\"has-text-align-justify\">RECOLHA E TRATAMENTO DE DADOS PESSOAIS<\/p>\n\n\n\n<p class=\"has-text-align-justify\">3.1. Os dados pessoais recolhidos e tratados pela Conta Rota\u00e7\u00f5es (contarotacoes.com) s\u00e3o, apenas os que volunt\u00e1ria, expressa e inequivocamente, colocar nos formul\u00e1rios deste website.<\/p>\n\n\n\n<p class=\"has-text-align-justify\">3.2. Os dados pessoais recolhidos s\u00e3o: nome, apelido e email.<\/p>\n\n\n\n<p class=\"has-text-align-justify\">FINALIDADE DO TRATAMENTO DE DADOS PESSOAIS<\/p>\n\n\n\n<p class=\"has-text-align-justify\">4.1. Os seus dados pessoais s\u00e3o recolhidos e processados pela Conta Rota\u00e7\u00f5es (contarotacoes.com) apenas para fins estritamente ligados ao uso deste site, aos servi\u00e7os a este associados e \u00e0 eventual divulga\u00e7\u00e3o de publicidade do grupo Conta Rota\u00e7\u00f5es (contarotacoes.com), marketing direto, newsletter e gest\u00e3o de apoio ao cliente.<\/p>\n\n\n\n<p class=\"has-text-align-justify\">4.2. A Conta Rota\u00e7\u00f5es (contarotacoes.com) procura sempre manter a rela\u00e7\u00e3o com o seu cliente e proporcionar-lhe os devidos benef\u00edcios, informa\u00e7\u00e3o e conte\u00fado relevantes relacionados com o grupo Conta Rota\u00e7\u00f5es (contarotacoes.com). Os seus dados ser\u00e3o apenas tratados para estas finalidades determinadas, expl\u00edcitas e leg\u00edtimas, n\u00e3o sendo posteriormente tratados de forma incompat\u00edvel com estas. Os dados recolhidos e tratados s\u00e3o os adequados, pertinentes e n\u00e3o excessivos em rela\u00e7\u00e3o a estas finalidades.<\/p>\n\n\n\n<p class=\"has-text-align-justify\">4.3. No entanto, os seus dados pessoais podem tamb\u00e9m ser utilizados para outras opera\u00e7\u00f5es de processamento dentro dos limites de tais aplica\u00e7\u00f5es. Em particular, os seus dados pessoais podem ser tratados para os seguintes fins:<\/p>\n\n\n\n<p class=\"has-text-align-justify\">a) quando solicita a assist\u00eancia do Apoio ao Cliente recolhemos os seus dados (por exemplo, endere\u00e7o de e-mail, nome, apelido) apenas com o objetivo de lhe fornecer os servi\u00e7os de Apoio ao Cliente que sejam relevantes para este site e para lhe oferecer a assist\u00eancia que nos pediu;<\/p>\n\n\n\n<p class=\"has-text-align-justify\">b) quando entra em contacto atrav\u00e9s do preenchimento do formul\u00e1rio, guardamos os seus dados tamb\u00e9m para o eventual envio de campanhas e publicidade do grupo Conta Rota\u00e7\u00f5es (contarotacoes.com);<\/p>\n\n\n\n<p class=\"has-text-align-justify\">c) quando se subscreve na newsletter, recolhemos o seu email, nome com o objetivo de lhe oferecermos esse servi\u00e7o;<\/p>\n\n\n\n<p class=\"has-text-align-justify\">d) quando navega no nosso site, recolhemos Cookies. Dependendo da gest\u00e3o que fez das Cookies no nosso site e da sua intera\u00e7\u00e3o connosco, usamos alguma informa\u00e7\u00e3o recolhida por Cookies de forma a garantir o funcionamento adequado no site, destacando a visualiza\u00e7\u00e3o adequada de conte\u00fado, adequar a resolu\u00e7\u00e3o do seu ecr\u00e3, para melhorar as nossas ofertas, entre outros. Esta informa\u00e7\u00e3o inclui dados de registo, de localiza\u00e7\u00e3o, de dura\u00e7\u00e3o da sua sess\u00e3o, o seu equipamento, o seu browser e o seu endere\u00e7o de IP. Poder\u00e1 fazer a gest\u00e3o de consentimentos relativa \u00e0s Cookies no nosso website;<\/p>\n\n\n\n<p class=\"has-text-align-justify\">e) quando navega no nosso website e posteriormente visita plataformas onde existe o formato de publicidade (redes sociais, google e outros parceiros destas redes) poder\u00e1 ser impactado por an\u00fancios da nossa empresa. Utilizaremos igualmente os dados para alcan\u00e7ar novos potenciais clientes que possam ter interesse nos nossos servi\u00e7os.<\/p>\n\n\n\n<p class=\"has-text-align-justify\">4.4. Quando recolhemos dados, indicamos os campos obrigat\u00f3rios com asteriscos, quando os dados em causa s\u00e3o necess\u00e1rios para:<\/p>\n\n\n\n<p class=\"has-text-align-justify\">Poder prestar o servi\u00e7o de apoio ao cliente;<\/p>\n\n\n\n<p class=\"has-text-align-justify\">Fornecer-lhe o servi\u00e7o que solicitou (por exemplo fornecendo-lhe uma newsletter);<\/p>\n\n\n\n<p class=\"has-text-align-justify\">Eventual envio de campanhas\/publicidade do grupo Conta Rota\u00e7\u00f5es (contarotacoes.com);<\/p>\n\n\n\n<p class=\"has-text-align-justify\">Ou Respeitar os requisitos legais (por exemplo, a fatura\u00e7\u00e3o).<\/p>\n\n\n\n<p class=\"has-text-align-justify\">4.5. Os seus dados pessoais podem ser comunicados a prestadores de servi\u00e7os da Conta Rota\u00e7\u00f5es (contarotacoes.com) para efeitos da presta\u00e7\u00e3o dos servi\u00e7os, a autoridades judiciais, fiscais e regulat\u00f3rias, com a finalidade de cumprimento de imposi\u00e7\u00f5es legais.<\/p>\n\n\n\n<p class=\"has-text-align-justify\">CONSENTIMENTO<\/p>\n\n\n\n<p class=\"has-text-align-justify\">O respeito pela vontade do cliente \u00e9 das principais preocupa\u00e7\u00f5es da Conta Rota\u00e7\u00f5es (contarotacoes.com) no que diz respeito ao tratamento dos seus dados pessoais. Assim, ser-lhe-\u00e1 pedido consentimento expl\u00edcito e inequ\u00edvoco em todo o processamento de dados que n\u00e3o se revelar estritamente necess\u00e1rio para a conclus\u00e3o do fim em quest\u00e3o, como a presta\u00e7\u00e3o de servi\u00e7os e envio dos bens adquiridos.<\/p>\n\n\n\n<p class=\"has-text-align-justify\">OS SEUS DIREITOS<\/p>\n\n\n\n<p class=\"has-text-align-justify\">6.1. Para exercer o seu direito de acesso, retifica\u00e7\u00e3o, apagamento, esquecimento ou bloqueio dos seus dados pessoais pode enviar uma comunica\u00e7\u00e3o escrita para o seguinte endere\u00e7o de correio eletr\u00f3nico: jorgesantos.contarotacoes@gmail.com ou por carta dirigida a: Conta Rota\u00e7\u00f5es (contarotacoes.com), Cantinho dos Marques, N\u00ba 5 &#8211; Andrinos, 2410-013 Leiria.<\/p>\n\n\n\n<p class=\"has-text-align-justify\">6.2. Caso queira deixar de receber comunica\u00e7\u00f5es de marketing direto, pode, a todo o tempo, exercer o seu direito de oposi\u00e7\u00e3o ao tratamento dos seus dados pessoais. Pode faz\u00ea-lo, ainda, enviando uma mensagem de correio eletr\u00f3nico para o endere\u00e7o de correio eletr\u00f3nico jorgesantos.contarotacoes@gmail.com ou por carta dirigida a: Conta Rota\u00e7\u00f5es (contarotacoes.com), Cantinho dos Marques, N\u00ba 5 &#8211; Andrinos, 2410-013 Leiria.<\/p>\n\n\n\n<p class=\"has-text-align-justify\">SEGURAN\u00c7A<\/p>\n\n\n\n<p class=\"has-text-align-justify\">7.1 A Conta Rota\u00e7\u00f5es (contarotacoes.com) utiliza as medidas de seguran\u00e7a adequadas \u00e0 prote\u00e7\u00e3o dos seus dados pessoais contra a destrui\u00e7\u00e3o, acidental ou il\u00edcita, a perda acidental, a altera\u00e7\u00e3o, a difus\u00e3o ou o acesso n\u00e3o autorizado, e contra qualquer outra forma de tratamento il\u00edcito. Adicionalmente, exigimos contratualmente que as entidades externas de confian\u00e7a que tratam dos seus dados pessoais por n\u00f3s fa\u00e7am o mesmo.<\/p>\n\n\n\n<p class=\"has-text-align-justify\">7.2. No entanto, a Conta Rota\u00e7\u00f5es (contarotacoes.com) n\u00e3o pode garantir que as medidas de seguran\u00e7a adotadas para a prote\u00e7\u00e3o deste site e para a transmiss\u00e3o de dados e informa\u00e7\u00e3o atrav\u00e9s deste site ir\u00e1 impedir ou excluir qualquer risco de acesso n\u00e3o autorizado ou perda de dados. Assim, aconselhamos que o seu computador esteja equipado com dispositivos de software que o protejam na transmiss\u00e3o e rece\u00e7\u00e3o de dados (tais como sistemas antiv\u00edrus atualizados), e que o seu browser tome as medidas adequadas para garantir a seguran\u00e7a na transmiss\u00e3o de dados (tais como firewall e filtros anti-spam).<\/p>\n\n\n\n<p class=\"has-text-align-justify\">PRAZO DE RETEN\u00c7\u00c3O E PROCESSAMENTO<\/p>\n\n\n\n<p class=\"has-text-align-justify\">8.1. Os seus dados s\u00e3o conservados pela Conta Rota\u00e7\u00f5es (contarotacoes.com) para as finalidades aqui descritas durante o tempo necess\u00e1rio para os fins citados, exceto se os dados pessoais em causa sejam necess\u00e1rios para comprovar o cumprimento de obriga\u00e7\u00f5es, enquanto n\u00e3o decorrer o prazo de prescri\u00e7\u00e3o dos direitos correspetivos, ou caso exista um prazo superior de conserva\u00e7\u00e3o de dados imposto por lei.<\/p>\n\n\n\n<p class=\"has-text-align-justify\">8.2. Quando os seus dados pessoais j\u00e1 n\u00e3o sejam necess\u00e1rios, ser\u00e1 removido dos nossos sistemas e registos ou mantido de forma an\u00f3nima para que n\u00e3o possa ser identificado a partir dos mesmos.<\/p>\n\n\n\n<h2 class=\"wp-block-heading\">Quem somos<\/h2>\n\n\n\n<p class=\"has-text-align-justify\">O endere\u00e7o do nosso site \u00e9: https:\/\/contarotacoes.com<\/p>\n\n\n\n<h2 class=\"wp-block-heading\">Coment\u00e1rios<\/h2>\n\n\n\n<p class=\"has-text-align-justify\">Quando os visitantes deixam coment\u00e1rios no site, s\u00e3o guardados os dados presentes no formul\u00e1rio dos coment\u00e1rios, bem como o endere\u00e7o de IP e o agente do utilizador do navegador, para ajudar com a detec\u00e7\u00e3o de spam.<\/p>\n\n\n\n<p class=\"has-text-align-justify\">Uma string an\u00f3nima criada a partir do seu endere\u00e7o de email (tamb\u00e9m designada por hash) pode ser enviada para o servi\u00e7o Gravatar para verificar se o est\u00e1 a utilizar. A pol\u00edtica de privacidade do servi\u00e7o Gravatar est\u00e1 dispon\u00edvel aqui: https:\/\/automattic.com\/privacy\/. Depois do seu coment\u00e1rio ser aprovado, a fotografia do ser perfil fica vis\u00edvel para o p\u00fablico no contexto do seu coment\u00e1rio.<\/p>\n\n\n\n<h2 class=\"wp-block-heading\">Multim\u00e9dia<\/h2>\n\n\n\n<p class=\"has-text-align-justify\">Ao carregar imagens para o site, deve evitar carregar imagens com dados incorporados de geolocaliza\u00e7\u00e3o (EXIF GPS). Os visitantes podem descarregar e extrair os dados de geolocaliza\u00e7\u00e3o das imagens do site.<\/p>\n\n\n\n<h2 class=\"wp-block-heading\">Cookies<\/h2>\n\n\n\n<p class=\"has-text-align-justify\">Se deixar um coment\u00e1rio no nosso site pode optar por guardar o seu nome, endere\u00e7o de email e site nos cookies. Isto \u00e9 para sua conveni\u00eancia para n\u00e3o ter de preencher novamente os seus dados quando deixar outro coment\u00e1rio. Estes cookies durar\u00e3o um ano.<\/p>\n\n\n\n<p class=\"has-text-align-justify\">Se visitar a p\u00e1gina de in\u00edcio de sess\u00e3o, ser\u00e1 configurado um cookie tempor\u00e1rio para determinar se o seu navegador aceita cookies. Este cookie n\u00e3o cont\u00e9m dados pessoais e ser\u00e1 eliminado ao fechar o seu navegador.<\/p>\n\n\n\n<p class=\"has-text-align-justify\">Ao iniciar a sess\u00e3o, ser\u00e3o configurados alguns cookies para guardar a sua informa\u00e7\u00e3o de sess\u00e3o e as suas escolhas de visualiza\u00e7\u00e3o de ecr\u00e3. Os cookies de in\u00edcio de sess\u00e3o duram um ano. Se seleccionar &#8220;Lembrar-me&#8221;, a sua sess\u00e3o ir\u00e1 persistir durante duas semanas. Ao terminar a sess\u00e3o, os cookies de inicio de sess\u00e3o ser\u00e3o removidos.<\/p>\n\n\n\n<p class=\"has-text-align-justify\">Se editar ou publicar um artigo, ser\u00e1 guardado no seu navegador um cookie adicional. Este cookie n\u00e3o inclui dados pessoais apenas indica o ID de conte\u00fado do artigo que acabou de editar. Expira ao fim de 1 dia.<\/p>\n\n\n\n<h2 class=\"wp-block-heading\">Conte\u00fado incorporado de outros sites<\/h2>\n\n\n\n<p class=\"has-text-align-justify\">Os artigos neste site podem incluir conte\u00fado incorporado (por exemplo: v\u00eddeos, imagens, artigos, etc.). O conte\u00fado incorporado de outros sites comporta-se tal como se o utilizador visitasse esses sites.<\/p>\n\n\n\n<p class=\"has-text-align-justify\">Este site pode recolher dados sobre si, usar cookies, incorporar rastreio feito por terceiros, monitorizar as suas interac\u00e7\u00f5es com o mesmo, incluindo registar as interac\u00e7\u00f5es com conte\u00fado incorporado se tiver uma conta e estiver com sess\u00e3o iniciada nesse site.<\/p>\n\n\n\n<h2 class=\"wp-block-heading\">Com quem s\u00e3o partilhados os seus dados<\/h2>\n\n\n\n<p class=\"has-text-align-justify\">Se solicitar uma redefini\u00e7\u00e3o de senha, o seu endere\u00e7o de IP ser\u00e1 inclu\u00eddo no email de redefini\u00e7\u00e3o.<\/p>\n\n\n\n<h2 class=\"wp-block-heading\">Por quanto tempo s\u00e3o retidos os seus dados<\/h2>\n\n\n\n<p class=\"has-text-align-justify\">Se deixar um coment\u00e1rio, o coment\u00e1rio e os seus metadados s\u00e3o guardados indefinidamente. Isto acontece de modo a ser poss\u00edvel reconhecer e aprovar automaticamente quaisquer coment\u00e1rios seguintes, em vez de os colocar numa fila de modera\u00e7\u00e3o.<\/p>\n\n\n\n<p class=\"has-text-align-justify\">Para utilizadores que se registem no nosso site (se algum), guardamos a informa\u00e7\u00e3o pessoal fornecida no seu perfil de utilizador. Todos os utilizadores podem ver, editar, ou eliminar a sua informa\u00e7\u00e3o pessoal a qualquer momento (com a excep\u00e7\u00e3o de n\u00e3o poderem alterar o nome de utilizador). Os administradores do site podem tamb\u00e9m ver e editar essa informa\u00e7\u00e3o.<\/p>\n\n\n\n<h2 class=\"wp-block-heading\">Que direitos tem sobre os seus dados<\/h2>\n\n\n\n<p class=\"has-text-align-justify\">Se tiver uma conta neste site, ou deixou coment\u00e1rios, pode pedir para receber um ficheiro de exporta\u00e7\u00e3o com os dados pessoais guardados sobre si, incluindo qualquer dado pessoal que indicou. Tamb\u00e9m pode solicitar que os dados guardados sejam eliminados. Isto n\u00e3o inclui qualquer dado pessoal que seja obrigat\u00f3rio manter para fins administrativos, legais ou de seguran\u00e7a.<\/p>\n\n\n\n<h2 class=\"wp-block-heading\">Para onde os seus dados s\u00e3o enviados<\/h2>\n\n\n\n<p class=\"has-text-align-justify\">Os coment\u00e1rios dos visitantes podem ser verificados atrav\u00e9s de um servi\u00e7o autom\u00e1tico de detec\u00e7\u00e3o de spam.<\/p>\n","protected":false},"excerpt":{"rendered":"<p>O Conta Rota\u00e7\u00f5es (contarotacoes.com) reconhece a import\u00e2ncia de proteger os seus dados pessoais, qualquer que seja a sua natureza e valorizamos, acima de tudo, a honestidade e a transpar\u00eancia, de forma que nos seja poss\u00edvel construir uma rela\u00e7\u00e3o s\u00f3lida e duradoura com os nossos clientes, baseada na confian\u00e7a e no benef\u00edcio m\u00fatuo. Assim, e com [&hellip;]<\/p>\n","protected":false},"author":1,"featured_media":0,"parent":0,"menu_order":0,"comment_status":"closed","ping_status":"open","template":"","meta":{"_editorskit_title_hidden":false,"_editorskit_reading_time":0,"_editorskit_is_block_options_detached":false,"_editorskit_block_options_position":"{}","om_disable_all_campaigns":false,"_monsterinsights_skip_tracking":false,"_monsterinsights_sitenote_active":false,"_monsterinsights_sitenote_note":"","_monsterinsights_sitenote_category":0,"_uf_show_specific_survey":0,"_uf_disable_surveys":false,"site-sidebar-layout":"default","site-content-layout":"","ast-site-content-layout":"default","site-content-style":"default","site-sidebar-style":"default","ast-global-header-display":"","ast-banner-title-visibility":"","ast-main-header-display":"","ast-hfb-above-header-display":"","ast-hfb-below-header-display":"","ast-hfb-mobile-header-display":"","site-post-title":"","ast-breadcrumbs-content":"","ast-featured-img":"","footer-sml-layout":"","theme-transparent-header-meta":"","adv-header-id-meta":"","stick-header-meta":"","header-above-stick-meta":"","header-main-stick-meta":"","header-below-stick-meta":"","astra-migrate-meta-layouts":"set","ast-page-background-enabled":"default","ast-page-background-meta":{"desktop":{"background-color":"","background-image":"","background-repeat":"repeat","background-position":"center center","background-size":"auto","background-attachment":"scroll","background-type":"","background-media":"","overlay-type":"","overlay-color":"","overlay-opacity":"","overlay-gradient":""},"tablet":{"background-color":"","background-image":"","background-repeat":"repeat","background-position":"center center","background-size":"auto","background-attachment":"scroll","background-type":"","background-media":"","overlay-type":"","overlay-color":"","overlay-opacity":"","overlay-gradient":""},"mobile":{"background-color":"","background-image":"","background-repeat":"repeat","background-position":"center center","background-size":"auto","background-attachment":"scroll","background-type":"","background-media":"","overlay-type":"","overlay-color":"","overlay-opacity":"","overlay-gradient":""}},"ast-content-background-meta":{"desktop":{"background-color":"var(--ast-global-color-5)","background-image":"","background-repeat":"repeat","background-position":"center center","background-size":"auto","background-attachment":"scroll","background-type":"","background-media":"","overlay-type":"","overlay-color":"","overlay-opacity":"","overlay-gradient":""},"tablet":{"background-color":"var(--ast-global-color-5)","background-image":"","background-repeat":"repeat","background-position":"center center","background-size":"auto","background-attachment":"scroll","background-type":"","background-media":"","overlay-type":"","overlay-color":"","overlay-opacity":"","overlay-gradient":""},"mobile":{"background-color":"var(--ast-global-color-5)","background-image":"","background-repeat":"repeat","background-position":"center center","background-size":"auto","background-attachment":"scroll","background-type":"","background-media":"","overlay-type":"","overlay-color":"","overlay-opacity":"","overlay-gradient":""}},"footnotes":""},"class_list":["post-3","page","type-page","status-publish","hentry"],"aioseo_notices":[],"_links":{"self":[{"href":"https:\/\/contarotacoes.com\/index.php?rest_route=\/wp\/v2\/pages\/3","targetHints":{"allow":["GET"]}}],"collection":[{"href":"https:\/\/contarotacoes.com\/index.php?rest_route=\/wp\/v2\/pages"}],"about":[{"href":"https:\/\/contarotacoes.com\/index.php?rest_route=\/wp\/v2\/types\/page"}],"author":[{"embeddable":true,"href":"https:\/\/contarotacoes.com\/index.php?rest_route=\/wp\/v2\/users\/1"}],"replies":[{"embeddable":true,"href":"https:\/\/contarotacoes.com\/index.php?rest_route=%2Fwp%2Fv2%2Fcomments&post=3"}],"version-history":[{"count":4,"href":"https:\/\/contarotacoes.com\/index.php?rest_route=\/wp\/v2\/pages\/3\/revisions"}],"predecessor-version":[{"id":1848,"href":"https:\/\/contarotacoes.com\/index.php?rest_route=\/wp\/v2\/pages\/3\/revisions\/1848"}],"wp:attachment":[{"href":"https:\/\/contarotacoes.com\/index.php?rest_route=%2Fwp%2Fv2%2Fmedia&parent=3"}],"curies":[{"name":"wp","href":"https:\/\/api.w.org\/{rel}","templated":true}]}}