{"id":1826,"date":"2024-02-15T09:33:59","date_gmt":"2024-02-15T09:33:59","guid":{"rendered":"https:\/\/contarotacoes.com\/?page_id=1826"},"modified":"2024-02-15T14:11:31","modified_gmt":"2024-02-15T14:11:31","slug":"livro-de-reclamacoes-online","status":"publish","type":"page","link":"https:\/\/contarotacoes.com\/?page_id=1826","title":{"rendered":"Livro de Reclama\u00e7\u00f5es Online"},"content":{"rendered":"\n<p class=\"has-text-align-justify\"><strong>Sobre o Livro de Reclama\u00e7\u00f5es Online?<br><\/strong>Cumprindo com o disposto no Decreto-Lei n.\u00ba 74\/2017, de 21 de Julho, em altera\u00e7\u00e3o ao Decreto-Lei n.\u00ba 156\/2005 de 15 de Setembro, dispomos do livro de reclama\u00e7\u00f5es online, de forma aos nossos clientes poderem fazer reclama\u00e7\u00f5es de forma simples, segura e confi\u00e1vel.<\/p>\n\n\n\n<p class=\"has-text-align-justify\"><strong>Quando usar o Livro de Reclama\u00e7\u00f5es Online?<br><\/strong>Para o Conta Rota\u00e7\u00f5es a Satisfa\u00e7\u00e3o de Cada Cliente \u00e9 a nossa miss\u00e3o. Pelo que teremos todo o interesse em ajudar cada Cliente na resolu\u00e7\u00e3o de alguma situa\u00e7\u00e3o menos boa que possa acontecer. Para tal sugerimos que entre em contacto connosco para o email: jorgesantos.contarotacoes@gmail.com<\/p>\n\n\n\n<p class=\"has-text-align-justify\"><strong>Acesso ao Livro de Reclama\u00e7\u00f5es Online:<\/strong><br>Caso n\u00e3o pretenda a nossa ajuda e disponibilidade, poder\u00e1 aceder diretamente ao&nbsp;<a href=\"https:\/\/www.livroreclamacoes.pt\/inicio\" target=\"_blank\" rel=\"noreferrer noopener\" class=\"ek-link\">Livro de Reclama\u00e7\u00f5es Online<\/a><\/p>\n","protected":false},"excerpt":{"rendered":"<p>Sobre o Livro de Reclama\u00e7\u00f5es Online?Cumprindo com o disposto no Decreto-Lei n.\u00ba 74\/2017, de 21 de Julho, em altera\u00e7\u00e3o ao Decreto-Lei n.\u00ba 156\/2005 de 15 de Setembro, dispomos do livro de reclama\u00e7\u00f5es online, de forma aos nossos clientes poderem fazer reclama\u00e7\u00f5es de forma simples, segura e confi\u00e1vel. Quando usar o Livro de Reclama\u00e7\u00f5es Online?Para o [&hellip;]<\/p>\n","protected":false},"author":1,"featured_media":0,"parent":0,"menu_order":0,"comment_status":"closed","ping_status":"closed","template":"","meta":{"_editorskit_title_hidden":false,"_editorskit_reading_time":0,"_editorskit_is_block_options_detached":false,"_editorskit_block_options_position":"{}","om_disable_all_campaigns":false,"_monsterinsights_skip_tracking":false,"_monsterinsights_sitenote_active":false,"_monsterinsights_sitenote_note":"","_monsterinsights_sitenote_category":0,"_uf_show_specific_survey":0,"_uf_disable_surveys":false,"site-sidebar-layout":"default","site-content-layout":"","ast-site-content-layout":"default","site-content-style":"default","site-sidebar-style":"default","ast-global-header-display":"","ast-banner-title-visibility":"","ast-main-header-display":"","ast-hfb-above-header-display":"","ast-hfb-below-header-display":"","ast-hfb-mobile-header-display":"","site-post-title":"","ast-breadcrumbs-content":"","ast-featured-img":"","footer-sml-layout":"","theme-transparent-header-meta":"","adv-header-id-meta":"","stick-header-meta":"","header-above-stick-meta":"","header-main-stick-meta":"","header-below-stick-meta":"","astra-migrate-meta-layouts":"set","ast-page-background-enabled":"default","ast-page-background-meta":{"desktop":{"background-color":"","background-image":"","background-repeat":"repeat","background-position":"center center","background-size":"auto","background-attachment":"scroll","background-type":"","background-media":"","overlay-type":"","overlay-color":"","overlay-opacity":"","overlay-gradient":""},"tablet":{"background-color":"","background-image":"","background-repeat":"repeat","background-position":"center center","background-size":"auto","background-attachment":"scroll","background-type":"","background-media":"","overlay-type":"","overlay-color":"","overlay-opacity":"","overlay-gradient":""},"mobile":{"background-color":"","background-image":"","background-repeat":"repeat","background-position":"center center","background-size":"auto","background-attachment":"scroll","background-type":"","background-media":"","overlay-type":"","overlay-color":"","overlay-opacity":"","overlay-gradient":""}},"ast-content-background-meta":{"desktop":{"background-color":"var(--ast-global-color-5)","background-image":"","background-repeat":"repeat","background-position":"center center","background-size":"auto","background-attachment":"scroll","background-type":"","background-media":"","overlay-type":"","overlay-color":"","overlay-opacity":"","overlay-gradient":""},"tablet":{"background-color":"var(--ast-global-color-5)","background-image":"","background-repeat":"repeat","background-position":"center center","background-size":"auto","background-attachment":"scroll","background-type":"","background-media":"","overlay-type":"","overlay-color":"","overlay-opacity":"","overlay-gradient":""},"mobile":{"background-color":"var(--ast-global-color-5)","background-image":"","background-repeat":"repeat","background-position":"center center","background-size":"auto","background-attachment":"scroll","background-type":"","background-media":"","overlay-type":"","overlay-color":"","overlay-opacity":"","overlay-gradient":""}},"footnotes":""},"class_list":["post-1826","page","type-page","status-publish","hentry"],"aioseo_notices":[],"_links":{"self":[{"href":"https:\/\/contarotacoes.com\/index.php?rest_route=\/wp\/v2\/pages\/1826","targetHints":{"allow":["GET"]}}],"collection":[{"href":"https:\/\/contarotacoes.com\/index.php?rest_route=\/wp\/v2\/pages"}],"about":[{"href":"https:\/\/contarotacoes.com\/index.php?rest_route=\/wp\/v2\/types\/page"}],"author":[{"embeddable":true,"href":"https:\/\/contarotacoes.com\/index.php?rest_route=\/wp\/v2\/users\/1"}],"replies":[{"embeddable":true,"href":"https:\/\/contarotacoes.com\/index.php?rest_route=%2Fwp%2Fv2%2Fcomments&post=1826"}],"version-history":[{"count":2,"href":"https:\/\/contarotacoes.com\/index.php?rest_route=\/wp\/v2\/pages\/1826\/revisions"}],"predecessor-version":[{"id":1850,"href":"https:\/\/contarotacoes.com\/index.php?rest_route=\/wp\/v2\/pages\/1826\/revisions\/1850"}],"wp:attachment":[{"href":"https:\/\/contarotacoes.com\/index.php?rest_route=%2Fwp%2Fv2%2Fmedia&parent=1826"}],"curies":[{"name":"wp","href":"https:\/\/api.w.org\/{rel}","templated":true}]}}