{"id":1823,"date":"2024-02-15T09:31:43","date_gmt":"2024-02-15T09:31:43","guid":{"rendered":"https:\/\/contarotacoes.com\/?page_id=1823"},"modified":"2024-02-15T14:05:32","modified_gmt":"2024-02-15T14:05:32","slug":"resolucao-alternativa-de-letigios","status":"publish","type":"page","link":"https:\/\/contarotacoes.com\/?page_id=1823","title":{"rendered":"Resolu\u00e7\u00e3o Alternativa de Let\u00edgios"},"content":{"rendered":"\n<p class=\"has-text-align-justify\">A resolu\u00e7\u00e3o alternativa de lit\u00edgios \u00e9 a possibilidade que todos os consumidores t\u00eam ao seu dispor de recorrer e entidades oficiais que os ajudem na resolu\u00e7\u00e3o, ou orienta\u00e7\u00e3o de algum conflito. O site Resolu\u00e7\u00e3o de Disputas Online \u00e9 um site oficial gerido pela Comiss\u00e3o Europeia dedicado a ajudar os consumidores e os comerciantes resolver os seus lit\u00edgios fora dos tribunais:&nbsp;<a href=\"https:\/\/webgate.ec.europa.eu\/odr\/main\/index.cfm?event=main.home.chooseLanguage\" target=\"_blank\" rel=\"noreferrer noopener\">https:\/\/webgate.ec.europa.eu\/odr\/main\/index.cfm?event=main.home.chooseLanguage<\/a><\/p>\n\n\n\n<p class=\"has-text-align-justify\">Os clientes que sejam definidos como consumidores pela Lei 144\/2015 e que tenham celebrado contratos de compra e venda e\/ou presta\u00e7\u00e3o de servi\u00e7os t\u00eam o direito a recorrer a entidades oficiais que os ajudem na resolu\u00e7\u00e3o de algum conflito que tenha por objeto tais contratos, sem preju\u00edzo de recorreram aos Tribunais Judiciais. A lista atualizada das entidades de Resolu\u00e7\u00e3o Alternativa de Lit\u00edgios dispon\u00edveis nos termos do artigo 17.\u00ba da Lei n.\u00ba 144\/2015, de 8 de Setembro, est\u00e3o elencadas no Portal do Consumidor, acess\u00edvel atrav\u00e9s do s\u00edtio eletr\u00f3nico&nbsp;<a href=\"http:\/\/www.consumidor.pt\/\" target=\"_blank\" rel=\"noreferrer noopener\">www.consumidor.pt<\/a>. Para mais informa\u00e7\u00e3o poder\u00e1 igualmente consultar a Lei 144\/2015. Mais informamos que, para dirimir lit\u00edgios que tenham origem em compras online, poder\u00e1 recorrer a um sistema de resolu\u00e7\u00e3o, denominado de \u201cPlataforma ODR \u2013 Online Dispute Resolution\/ RLL\u201d, criada pela EU.<\/p>\n\n\n\n<p>Em qualquer caso, poder\u00e1 contactar um dos centros abaixo designados.<\/p>\n\n\n\n<p>Entidades para a Resolu\u00e7\u00e3o Alternativa de Lit\u00edgios<\/p>\n\n\n\n<p>CNIACC \u2013 Centro Nacional de Informa\u00e7\u00e3o e Arbitragem de Conflitos de Consumo<\/p>\n\n\n\n<p><a href=\"http:\/\/www.cniacc.pt\/pt\" target=\"_blank\" rel=\"noreferrer noopener\">www.cniacc.pt\/pt<\/a><\/p>\n\n\n\n<p>CIMAAL \u2013 Centro de Informa\u00e7\u00e3o, Media\u00e7\u00e3o e Arbitragem de Conflitos de Consumo do Algarve<\/p>\n\n\n\n<p><a href=\"http:\/\/www.arbitragemdeconsumo.org\/\" target=\"_blank\" rel=\"noreferrer noopener\">www.arbitragemdeconsumo.org<\/a><\/p>\n\n\n\n<p>Centro de Arbitragem de Conflitos de Consumo do Distrito de Coimbra<\/p>\n\n\n\n<p><a href=\"http:\/\/www.centrodearbitragemdecoimbra.com\/\" target=\"_blank\" rel=\"noreferrer noopener\">www.centrodearbitragemdecoimbra.com<\/a><\/p>\n\n\n\n<p>Centro de Arbitragem de Conflitos de Consumo de Lisboa<\/p>\n\n\n\n<p>www.centroarbitragemlisboa.pt<\/p>\n\n\n\n<p>Centro de Informa\u00e7\u00e3o de Consumo e Arbitragem do Porto<\/p>\n\n\n\n<p><a href=\"http:\/\/www.cicap.pt\/\" target=\"_blank\" rel=\"noreferrer noopener\">www.cicap.pt<\/a><\/p>\n\n\n\n<p>Centro de Arbitragem de Conflitos de Consumo do Vale do Ave \/ Tribunal Arbitral<\/p>\n\n\n\n<p><a href=\"http:\/\/www.triave.pt\/\" target=\"_blank\" rel=\"noreferrer noopener\">www.triave.pt<\/a><\/p>\n\n\n\n<p>Plataforma Europeia de Resolu\u00e7\u00e3o de Lit\u00edgios em linha:<\/p>\n\n\n\n<figure class=\"wp-block-embed\">https:\/\/ec.europa.eu\/consumers\/odr\/main\/index.cfm?event=main.home.chooseLanguage<\/figure>\n","protected":false},"excerpt":{"rendered":"<p>A resolu\u00e7\u00e3o alternativa de lit\u00edgios \u00e9 a possibilidade que todos os consumidores t\u00eam ao seu dispor de recorrer e entidades oficiais que os ajudem na resolu\u00e7\u00e3o, ou orienta\u00e7\u00e3o de algum conflito. O site Resolu\u00e7\u00e3o de Disputas Online \u00e9 um site oficial gerido pela Comiss\u00e3o Europeia dedicado a ajudar os consumidores e os comerciantes resolver os [&hellip;]<\/p>\n","protected":false},"author":1,"featured_media":0,"parent":0,"menu_order":0,"comment_status":"closed","ping_status":"closed","template":"","meta":{"_editorskit_title_hidden":false,"_editorskit_reading_time":0,"_editorskit_is_block_options_detached":false,"_editorskit_block_options_position":"{}","om_disable_all_campaigns":false,"_monsterinsights_skip_tracking":false,"_monsterinsights_sitenote_active":false,"_monsterinsights_sitenote_note":"","_monsterinsights_sitenote_category":0,"_uf_show_specific_survey":0,"_uf_disable_surveys":false,"site-sidebar-layout":"default","site-content-layout":"","ast-site-content-layout":"default","site-content-style":"default","site-sidebar-style":"default","ast-global-header-display":"","ast-banner-title-visibility":"","ast-main-header-display":"","ast-hfb-above-header-display":"","ast-hfb-below-header-display":"","ast-hfb-mobile-header-display":"","site-post-title":"","ast-breadcrumbs-content":"","ast-featured-img":"","footer-sml-layout":"","theme-transparent-header-meta":"","adv-header-id-meta":"","stick-header-meta":"","header-above-stick-meta":"","header-main-stick-meta":"","header-below-stick-meta":"","astra-migrate-meta-layouts":"set","ast-page-background-enabled":"default","ast-page-background-meta":{"desktop":{"background-color":"","background-image":"","background-repeat":"repeat","background-position":"center center","background-size":"auto","background-attachment":"scroll","background-type":"","background-media":"","overlay-type":"","overlay-color":"","overlay-opacity":"","overlay-gradient":""},"tablet":{"background-color":"","background-image":"","background-repeat":"repeat","background-position":"center center","background-size":"auto","background-attachment":"scroll","background-type":"","background-media":"","overlay-type":"","overlay-color":"","overlay-opacity":"","overlay-gradient":""},"mobile":{"background-color":"","background-image":"","background-repeat":"repeat","background-position":"center center","background-size":"auto","background-attachment":"scroll","background-type":"","background-media":"","overlay-type":"","overlay-color":"","overlay-opacity":"","overlay-gradient":""}},"ast-content-background-meta":{"desktop":{"background-color":"var(--ast-global-color-5)","background-image":"","background-repeat":"repeat","background-position":"center center","background-size":"auto","background-attachment":"scroll","background-type":"","background-media":"","overlay-type":"","overlay-color":"","overlay-opacity":"","overlay-gradient":""},"tablet":{"background-color":"var(--ast-global-color-5)","background-image":"","background-repeat":"repeat","background-position":"center center","background-size":"auto","background-attachment":"scroll","background-type":"","background-media":"","overlay-type":"","overlay-color":"","overlay-opacity":"","overlay-gradient":""},"mobile":{"background-color":"var(--ast-global-color-5)","background-image":"","background-repeat":"repeat","background-position":"center center","background-size":"auto","background-attachment":"scroll","background-type":"","background-media":"","overlay-type":"","overlay-color":"","overlay-opacity":"","overlay-gradient":""}},"footnotes":""},"class_list":["post-1823","page","type-page","status-publish","hentry"],"aioseo_notices":[],"_links":{"self":[{"href":"https:\/\/contarotacoes.com\/index.php?rest_route=\/wp\/v2\/pages\/1823","targetHints":{"allow":["GET"]}}],"collection":[{"href":"https:\/\/contarotacoes.com\/index.php?rest_route=\/wp\/v2\/pages"}],"about":[{"href":"https:\/\/contarotacoes.com\/index.php?rest_route=\/wp\/v2\/types\/page"}],"author":[{"embeddable":true,"href":"https:\/\/contarotacoes.com\/index.php?rest_route=\/wp\/v2\/users\/1"}],"replies":[{"embeddable":true,"href":"https:\/\/contarotacoes.com\/index.php?rest_route=%2Fwp%2Fv2%2Fcomments&post=1823"}],"version-history":[{"count":3,"href":"https:\/\/contarotacoes.com\/index.php?rest_route=\/wp\/v2\/pages\/1823\/revisions"}],"predecessor-version":[{"id":1846,"href":"https:\/\/contarotacoes.com\/index.php?rest_route=\/wp\/v2\/pages\/1823\/revisions\/1846"}],"wp:attachment":[{"href":"https:\/\/contarotacoes.com\/index.php?rest_route=%2Fwp%2Fv2%2Fmedia&parent=1823"}],"curies":[{"name":"wp","href":"https:\/\/api.w.org\/{rel}","templated":true}]}}