{"id":1354,"date":"2024-01-11T08:19:00","date_gmt":"2024-01-11T08:19:00","guid":{"rendered":"https:\/\/contarotacoes.com\/?page_id=1354"},"modified":"2025-07-01T13:24:39","modified_gmt":"2025-07-01T13:24:39","slug":"publicidade","status":"publish","type":"page","link":"https:\/\/contarotacoes.com\/?page_id=1354","title":{"rendered":"Publicidade"},"content":{"rendered":"<p><\/p>\r\n<p>A inser\u00e7\u00e3o de publicidade no\u00a0Contarotacoes.com \u00e9 efetuada atrav\u00e9s de Banners nos formatos &#8220;jpg&#8221;, &#8220;png&#8221;; e &#8220;gif&#8221;, est\u00e1ticos, com peso n\u00e3o superior a 250 KB.<\/p>\r\n<p>Os Banners s\u00e3o colocados nos espa\u00e7os para o efeito consoante as medidas existentes e de acordo com as condi\u00e7\u00f5es de contrata\u00e7\u00e3o, sendo apresentados em todas as vers\u00f5es &#8211; Computador, Tablet e Smartphone &#8211; tendo sempre uma hiperliga\u00e7\u00e3o (link) para onde for indicado.<\/p>\r\n<div class=\"x14z9mp xat24cr x1lziwak x1vvkbs xtlvy1s x126k92a\">\r\n<div dir=\"auto\"><strong>Banner \u2013 250 x 150 pixels<\/strong><\/div>\r\n<\/div>\r\n<div class=\"x14z9mp xat24cr x1lziwak x1vvkbs xtlvy1s x126k92a\">\r\n<div dir=\"auto\">Espa\u00e7o \u00fanico, na Sec\u00e7\u00e3o Horizontal (rotativa) situada acima do rodap\u00e9 do site com partilha direta no Facebook.<\/div>\r\n<div dir=\"auto\">7 dias \u2013 20,00 \u20ac<\/div>\r\n<div dir=\"auto\">14 dias \u2013 40,00 \u20ac<\/div>\r\n<div dir=\"auto\">21 dias \u2013 80,00 \u20ac<\/div>\r\n<div dir=\"auto\">30 dias \u2013 160,00 \u20ac<\/div>\r\n<div dir=\"auto\">Semestral : 750,00 \u20ac<\/div>\r\n<div dir=\"auto\">Anual :1500,00 \u20ac<\/div>\r\n<div dir=\"auto\">\u00a0<\/div>\r\n<\/div>\r\n<p><em>(*) Regime\u00a0Especial de\u00a0Isen\u00e7\u00e3o\u00a0de\u00a0IVA\u00a0(Artigo 53.\u00ba)<\/em><\/p>\r\n<p><\/p>","protected":false},"excerpt":{"rendered":"<p>A inser\u00e7\u00e3o de publicidade no\u00a0Contarotacoes.com \u00e9 efetuada atrav\u00e9s de Banners nos formatos &#8220;jpg&#8221;, &#8220;png&#8221;; e &#8220;gif&#8221;, est\u00e1ticos, com peso n\u00e3o superior a 250 KB. Os Banners s\u00e3o colocados nos espa\u00e7os para o efeito consoante as medidas existentes e de acordo com as condi\u00e7\u00f5es de contrata\u00e7\u00e3o, sendo apresentados em todas as vers\u00f5es &#8211; Computador, Tablet e [&hellip;]<\/p>\n","protected":false},"author":1,"featured_media":0,"parent":0,"menu_order":0,"comment_status":"closed","ping_status":"closed","template":"","meta":{"_editorskit_title_hidden":false,"_editorskit_reading_time":0,"_editorskit_is_block_options_detached":false,"_editorskit_block_options_position":"{}","om_disable_all_campaigns":false,"_monsterinsights_skip_tracking":false,"_monsterinsights_sitenote_active":false,"_monsterinsights_sitenote_note":"","_monsterinsights_sitenote_category":0,"_uf_show_specific_survey":0,"_uf_disable_surveys":false,"site-sidebar-layout":"default","site-content-layout":"","ast-site-content-layout":"default","site-content-style":"default","site-sidebar-style":"default","ast-global-header-display":"","ast-banner-title-visibility":"","ast-main-header-display":"","ast-hfb-above-header-display":"","ast-hfb-below-header-display":"","ast-hfb-mobile-header-display":"","site-post-title":"","ast-breadcrumbs-content":"","ast-featured-img":"","footer-sml-layout":"","theme-transparent-header-meta":"default","adv-header-id-meta":"","stick-header-meta":"default","header-above-stick-meta":"","header-main-stick-meta":"","header-below-stick-meta":"","astra-migrate-meta-layouts":"set","ast-page-background-enabled":"default","ast-page-background-meta":{"desktop":{"background-color":"","background-image":"","background-repeat":"repeat","background-position":"center center","background-size":"auto","background-attachment":"scroll","background-type":"","background-media":"","overlay-type":"","overlay-color":"","overlay-opacity":"","overlay-gradient":""},"tablet":{"background-color":"","background-image":"","background-repeat":"repeat","background-position":"center center","background-size":"auto","background-attachment":"scroll","background-type":"","background-media":"","overlay-type":"","overlay-color":"","overlay-opacity":"","overlay-gradient":""},"mobile":{"background-color":"","background-image":"","background-repeat":"repeat","background-position":"center center","background-size":"auto","background-attachment":"scroll","background-type":"","background-media":"","overlay-type":"","overlay-color":"","overlay-opacity":"","overlay-gradient":""}},"ast-content-background-meta":{"desktop":{"background-color":"var(--ast-global-color-5)","background-image":"","background-repeat":"repeat","background-position":"center center","background-size":"auto","background-attachment":"scroll","background-type":"","background-media":"","overlay-type":"","overlay-color":"","overlay-opacity":"","overlay-gradient":""},"tablet":{"background-color":"var(--ast-global-color-5)","background-image":"","background-repeat":"repeat","background-position":"center center","background-size":"auto","background-attachment":"scroll","background-type":"","background-media":"","overlay-type":"","overlay-color":"","overlay-opacity":"","overlay-gradient":""},"mobile":{"background-color":"var(--ast-global-color-5)","background-image":"","background-repeat":"repeat","background-position":"center center","background-size":"auto","background-attachment":"scroll","background-type":"","background-media":"","overlay-type":"","overlay-color":"","overlay-opacity":"","overlay-gradient":""}},"footnotes":""},"class_list":["post-1354","page","type-page","status-publish","hentry"],"aioseo_notices":[],"_links":{"self":[{"href":"https:\/\/contarotacoes.com\/index.php?rest_route=\/wp\/v2\/pages\/1354","targetHints":{"allow":["GET"]}}],"collection":[{"href":"https:\/\/contarotacoes.com\/index.php?rest_route=\/wp\/v2\/pages"}],"about":[{"href":"https:\/\/contarotacoes.com\/index.php?rest_route=\/wp\/v2\/types\/page"}],"author":[{"embeddable":true,"href":"https:\/\/contarotacoes.com\/index.php?rest_route=\/wp\/v2\/users\/1"}],"replies":[{"embeddable":true,"href":"https:\/\/contarotacoes.com\/index.php?rest_route=%2Fwp%2Fv2%2Fcomments&post=1354"}],"version-history":[{"count":20,"href":"https:\/\/contarotacoes.com\/index.php?rest_route=\/wp\/v2\/pages\/1354\/revisions"}],"predecessor-version":[{"id":18433,"href":"https:\/\/contarotacoes.com\/index.php?rest_route=\/wp\/v2\/pages\/1354\/revisions\/18433"}],"wp:attachment":[{"href":"https:\/\/contarotacoes.com\/index.php?rest_route=%2Fwp%2Fv2%2Fmedia&parent=1354"}],"curies":[{"name":"wp","href":"https:\/\/api.w.org\/{rel}","templated":true}]}}