{"id":1162,"date":"2024-01-04T08:13:33","date_gmt":"2024-01-04T08:13:33","guid":{"rendered":"https:\/\/contarotacoes.com\/?page_id=1162"},"modified":"2024-02-07T11:21:03","modified_gmt":"2024-02-07T11:21:03","slug":"estatuto-editorial","status":"publish","type":"page","link":"https:\/\/contarotacoes.com\/?page_id=1162","title":{"rendered":"Estatuto Editorial"},"content":{"rendered":"\t\t<div data-elementor-type=\"wp-page\" data-elementor-id=\"1162\" class=\"elementor elementor-1162\" data-elementor-post-type=\"page\">\n\t\t\t\t<div class=\"elementor-element elementor-element-7561977c e-flex e-con-boxed e-con e-parent\" data-id=\"7561977c\" data-element_type=\"container\">\n\t\t\t\t\t<div class=\"e-con-inner\">\n\t\t\t\t<div class=\"elementor-element elementor-element-41701d5e elementor-widget elementor-widget-text-editor\" data-id=\"41701d5e\" data-element_type=\"widget\" data-widget_type=\"text-editor.default\">\n\t\t\t\t<div class=\"elementor-widget-container\">\n\t\t\t\t\t\t\t<!-- wp:paragraph -->\n<p>O Conta rota\u00e7\u00f5es \u00e9 uma publica\u00e7\u00e3o on-line que visa oferecer informa\u00e7\u00e3o completa sobre desportos motorizados, decorrentes em Portugal e no estrangeiro. Pretende ser um meio de contribuir para a cultura desportiva nacional, independente, pluralista e multim\u00e9dia acess\u00edvel na world wide web atrav\u00e9s do endere\u00e7o www.contarotacoes.com. O Conta rota\u00e7\u00f5es \u00e9 um \u00f3rg\u00e3o de informa\u00e7\u00e3o concebido, escrito e produzido por amadores, no respeito dos direitos e deveres previstos na Constitui\u00e7\u00e3o da Rep\u00fablica e na Lei de Imprensa.<\/p>\n<!-- \/wp:paragraph -->\n\n<!-- wp:paragraph -->\n<p>O Conta rota\u00e7\u00f5es distingue, criteriosamente, as not\u00edcias de conte\u00fado opinativo. Reservamo-nos, todavia, o direito de relacionar, interpretar e emitir opini\u00e3o sobre quaisquer factos ou acontecimentos, sempre no respeito integral da legisla\u00e7\u00e3o em vigor na nossa sec\u00e7\u00e3o de &#8221; Cr\u00f3nicas &#8221; ou em artigos de opini\u00e3o de diversos autores .<\/p>\n<!-- \/wp:paragraph -->\n\n<!-- wp:paragraph -->\n<p>O Conta rota\u00e7\u00f5es respeitar\u00e1 sempre o sigilo das suas fontes de informa\u00e7\u00e3o. N\u00e3o aceitaremos, em circunst\u00e2ncia alguma, a quebra desse sigilo.<\/p>\n<!-- \/wp:paragraph -->\n\n<!-- wp:paragraph -->\n<p>O Conta rota\u00e7\u00f5es privilegia o di\u00e1logo com os leitores, federa\u00e7\u00f5es, organiza\u00e7\u00f5es, equipas e pilotos, promovendo e divulgando, nas suas sec\u00e7\u00f5es as mais diversas actividades e resultados no \u00e2mbito dos desportos motorizados. Reservamo-nos por\u00e9m o direito de intervir na filtragem da informa\u00e7\u00e3o que por n\u00f3s \u00e9 recebida, sempre que tal nos parecer necess\u00e1rio.<\/p>\n<!-- \/wp:paragraph -->\n\n<!-- wp:paragraph -->\n<p>O Conta rota\u00e7\u00f5es \u00e9 escrito e produzido no cumprimento das orienta\u00e7\u00f5es e princ\u00edpios definidos neste Estatuto Editorial.<\/p>\n<!-- \/wp:paragraph -->\t\t\t\t\t\t<\/div>\n\t\t\t\t<\/div>\n\t\t\t\t\t<\/div>\n\t\t\t\t<\/div>\n\t\t\t\t<\/div>\n\t\t","protected":false},"excerpt":{"rendered":"<p>O Conta rota\u00e7\u00f5es \u00e9 uma publica\u00e7\u00e3o on-line que visa oferecer informa\u00e7\u00e3o completa sobre desportos motorizados, decorrentes em Portugal e no estrangeiro. Pretende ser um meio de contribuir para a cultura desportiva nacional, independente, pluralista e multim\u00e9dia acess\u00edvel na world wide web atrav\u00e9s do endere\u00e7o www.contarotacoes.com. O Conta rota\u00e7\u00f5es \u00e9 um \u00f3rg\u00e3o de informa\u00e7\u00e3o concebido, escrito [&hellip;]<\/p>\n","protected":false},"author":1,"featured_media":0,"parent":0,"menu_order":0,"comment_status":"closed","ping_status":"closed","template":"","meta":{"_editorskit_title_hidden":false,"_editorskit_reading_time":0,"_editorskit_is_block_options_detached":false,"_editorskit_block_options_position":"{}","om_disable_all_campaigns":false,"_monsterinsights_skip_tracking":false,"_monsterinsights_sitenote_active":false,"_monsterinsights_sitenote_note":"","_monsterinsights_sitenote_category":0,"_uf_show_specific_survey":0,"_uf_disable_surveys":false,"site-sidebar-layout":"default","site-content-layout":"","ast-site-content-layout":"default","site-content-style":"default","site-sidebar-style":"default","ast-global-header-display":"","ast-banner-title-visibility":"","ast-main-header-display":"","ast-hfb-above-header-display":"","ast-hfb-below-header-display":"","ast-hfb-mobile-header-display":"","site-post-title":"","ast-breadcrumbs-content":"","ast-featured-img":"","footer-sml-layout":"","theme-transparent-header-meta":"","adv-header-id-meta":"","stick-header-meta":"","header-above-stick-meta":"","header-main-stick-meta":"","header-below-stick-meta":"","astra-migrate-meta-layouts":"set","ast-page-background-enabled":"default","ast-page-background-meta":{"desktop":{"background-color":"","background-image":"","background-repeat":"repeat","background-position":"center center","background-size":"auto","background-attachment":"scroll","background-type":"","background-media":"","overlay-type":"","overlay-color":"","overlay-opacity":"","overlay-gradient":""},"tablet":{"background-color":"","background-image":"","background-repeat":"repeat","background-position":"center center","background-size":"auto","background-attachment":"scroll","background-type":"","background-media":"","overlay-type":"","overlay-color":"","overlay-opacity":"","overlay-gradient":""},"mobile":{"background-color":"","background-image":"","background-repeat":"repeat","background-position":"center center","background-size":"auto","background-attachment":"scroll","background-type":"","background-media":"","overlay-type":"","overlay-color":"","overlay-opacity":"","overlay-gradient":""}},"ast-content-background-meta":{"desktop":{"background-color":"var(--ast-global-color-5)","background-image":"","background-repeat":"repeat","background-position":"center center","background-size":"auto","background-attachment":"scroll","background-type":"","background-media":"","overlay-type":"","overlay-color":"","overlay-opacity":"","overlay-gradient":""},"tablet":{"background-color":"var(--ast-global-color-5)","background-image":"","background-repeat":"repeat","background-position":"center center","background-size":"auto","background-attachment":"scroll","background-type":"","background-media":"","overlay-type":"","overlay-color":"","overlay-opacity":"","overlay-gradient":""},"mobile":{"background-color":"var(--ast-global-color-5)","background-image":"","background-repeat":"repeat","background-position":"center center","background-size":"auto","background-attachment":"scroll","background-type":"","background-media":"","overlay-type":"","overlay-color":"","overlay-opacity":"","overlay-gradient":""}},"footnotes":""},"class_list":["post-1162","page","type-page","status-publish","hentry"],"aioseo_notices":[],"_links":{"self":[{"href":"https:\/\/contarotacoes.com\/index.php?rest_route=\/wp\/v2\/pages\/1162","targetHints":{"allow":["GET"]}}],"collection":[{"href":"https:\/\/contarotacoes.com\/index.php?rest_route=\/wp\/v2\/pages"}],"about":[{"href":"https:\/\/contarotacoes.com\/index.php?rest_route=\/wp\/v2\/types\/page"}],"author":[{"embeddable":true,"href":"https:\/\/contarotacoes.com\/index.php?rest_route=\/wp\/v2\/users\/1"}],"replies":[{"embeddable":true,"href":"https:\/\/contarotacoes.com\/index.php?rest_route=%2Fwp%2Fv2%2Fcomments&post=1162"}],"version-history":[{"count":4,"href":"https:\/\/contarotacoes.com\/index.php?rest_route=\/wp\/v2\/pages\/1162\/revisions"}],"predecessor-version":[{"id":1461,"href":"https:\/\/contarotacoes.com\/index.php?rest_route=\/wp\/v2\/pages\/1162\/revisions\/1461"}],"wp:attachment":[{"href":"https:\/\/contarotacoes.com\/index.php?rest_route=%2Fwp%2Fv2%2Fmedia&parent=1162"}],"curies":[{"name":"wp","href":"https:\/\/api.w.org\/{rel}","templated":true}]}}