{"id":1160,"date":"2024-01-04T08:13:03","date_gmt":"2024-01-04T08:13:03","guid":{"rendered":"https:\/\/contarotacoes.com\/?page_id=1160"},"modified":"2024-10-10T07:58:36","modified_gmt":"2024-10-10T07:58:36","slug":"ficha-tecnica","status":"publish","type":"page","link":"https:\/\/contarotacoes.com\/?page_id=1160","title":{"rendered":"Ficha T\u00e9cnica"},"content":{"rendered":"<p><\/p>\r\n<p><strong>Periodicidade:<\/strong> Di\u00e1ria online<\/p>\r\n<p><\/p>\r\n<p><\/p>\r\n<p>Inscrito na E.R.C. sob o n\u00ba 126076<\/p>\r\n<p><\/p>\r\n<p><\/p>\r\n<p><strong>Propriet\u00e1rio:<\/strong> Jorge Manuel Pereira dos Santos<\/p>\r\n<p><\/p>\r\n<p><\/p>\r\n<p><strong>Editor\/Director:<\/strong> Jorge Pereira Santos CP n\u00ba 2843<\/p>\r\n<p><\/p>\r\n<p><\/p>\r\n<p><strong>Colaboradores , Cronistas e Jornalistas<\/strong><\/p>\r\n<p><\/p>\r\n<p><\/p>\r\n<p><\/p>\r\n<p><\/p>\r\n<p>Nuno Bento<\/p>\r\n<p><\/p>\r\n<p><\/p>\r\n<p><\/p>\r\n<p><\/p>\r\n<p>Ant\u00f3nio Batista CP n\u00ba 7522<\/p>\r\n<p><\/p>\r\n<p><\/p>\r\n<p><\/p>\r\n<p><\/p>\r\n<p><\/p>\r\n<p><\/p>\r\n<p><\/p>\r\n<p><\/p>\r\n<p><\/p>\r\n<p><\/p>\r\n<p><\/p>\r\n<p><\/p>\r\n<p>Paulo Jorge Ferreira<\/p>\r\n<p><\/p>\r\n<p><\/p>\r\n<p>Nelson Henriques<\/p>\r\n<p><\/p>\r\n<p><\/p>\r\n<p>Joaquim Gomes<\/p>\r\n<p><\/p>\r\n<p><\/p>\r\n<p>Ant\u00f3nio Couto<\/p>\r\n<p><\/p>\r\n<p><\/p>\r\n<p>Jos\u00e9 Marques<\/p>\r\n<p><\/p>\r\n<p><\/p>\r\n<p>Ant\u00f3nio Reis<\/p>\r\n<p><\/p>\r\n<p><\/p>\r\n<p>Jos\u00e9 Couto<\/p>\r\n<p><\/p>\r\n<p><\/p>\r\n<p>\u00d2scar Agrela<\/p>\r\n<p><\/p>\r\n<p><\/p>\r\n<p><\/p>\r\n<p><\/p>\r\n<p><\/p>\r\n<p><\/p>\r\n<p><\/p>\r\n<p><\/p>\r\n<p><\/p>\r\n<p><\/p>\r\n<p>Pedro Gaspar &#8211; CO n\u00ba 1394<\/p>\r\n<p>Ab\u00edlio Couto<\/p>\r\n<p>Pedro Silva<\/p>\r\n<p>Alexandre de Ara\u00fajo Borba ( IT )<\/p>\r\n<p><\/p>\r\n<p><\/p>\r\n<p><strong>Sede de Redac\u00e7\u00e3o:<\/strong><\/p>\r\n<p>Cantinho dos Marques, N\u00ba 5 &#8211; Andrinos<br \/>2410-013 Leiria<\/p>\r\n<p><\/p>\r\n<p><\/p>\r\n<p><\/p>\r\n<p><\/p>\r\n<p><strong>Domicilio\/Sede:<\/strong><\/p>\r\n<p><\/p>\r\n<p><\/p>\r\n<p>Cantinho dos Marques, N\u00ba 5 &#8211; Andrinos<br \/>2410-013 Leiria<\/p>\r\n<p><\/p>\r\n<p><\/p>\r\n<p><strong>Domicilio\/Sede do Editor:<\/strong><\/p>\r\n<p><\/p>\r\n<p><\/p>\r\n<p>Cantinho dos Marques, N\u00ba 5 &#8211; Andrinos<br \/>2410-013 Leiria<\/p>\r\n<p><\/p>\r\n<p><\/p>\r\n<p><strong>Contactos:<\/strong><\/p>\r\n<p><\/p>\r\n<p><\/p>\r\n<p>M\u00f3vel: + 351 936810872 (Chamada para a rede m\u00f3vel nacional)<\/p>\r\n<p><\/p>\r\n<p><\/p>\r\n<p><strong>Emails:<\/strong><\/p>\r\n<p><\/p>\r\n<p><\/p>\r\n<p>Editor &#8211; Jorge Santos : jorgesantos.contarotacoes@gmail.com\u00a0<\/p>\r\n<p><\/p>\r\n<p><\/p>\r\n<p>Pedido e envio de informa\u00e7\u00f5es : press.contarotacoes@gmail.com\u00a0 ou info@contarotacoes.com<\/p>\r\n<p><\/p>\r\n<p><\/p>\r\n<p><strong>Colaboradores:<\/strong><\/p>\r\n<p><\/p>\r\n<p><\/p>\r\n<p>Pedro Gaspar : pedrogaspar.contarotacoes@gmail.com<\/p>\r\n<p><\/p>\r\n<p><\/p>\r\n<p>Nuno Bento : nunobento.contarotacoes@gmail.com<\/p>\r\n<p><\/p>\r\n<p><\/p>\r\n<p>Nelson Henriques: nelsonhenriques.contarotacoes@gmail.com<\/p>\r\n<p><\/p>\r\n<p><\/p>\r\n<p>Paulo Ferreira : pauloferreira.contarotacoes@gmail.com<\/p>\r\n<p><\/p>\r\n<p><\/p>\r\n<p>Ant\u00f3nio Couto : antoniocouto.contarotacoes@gmail.com<\/p>\r\n<p>Ab\u00edlio Couto: abiliocouto.contarotacoes@gmail.com<\/p>\r\n<p>Pedro Silva: pedrosilva.contarotacoes@gmail.com<\/p>\r\n<p>Alexandre de Ara\u00fajo Borba: alexandrearaujo.contarotacoes@gmail.com<\/p>\r\n<p><\/p>\r\n<p><\/p>\r\n<p><\/p>\r\n<p><!-- \/wp:post-content --><\/p>","protected":false},"excerpt":{"rendered":"<p>Periodicidade: Di\u00e1ria online Inscrito na E.R.C. sob o n\u00ba 126076 Propriet\u00e1rio: Jorge Manuel Pereira dos Santos Editor\/Director: Jorge Pereira Santos CP n\u00ba 2843 Colaboradores , Cronistas e Jornalistas Nuno Bento Ant\u00f3nio Batista CP n\u00ba 7522 Paulo Jorge Ferreira Nelson Henriques Joaquim Gomes Ant\u00f3nio Couto Jos\u00e9 Marques Ant\u00f3nio Reis Jos\u00e9 Couto \u00d2scar Agrela Pedro Gaspar &#8211; [&hellip;]<\/p>\n","protected":false},"author":1,"featured_media":0,"parent":0,"menu_order":0,"comment_status":"closed","ping_status":"closed","template":"","meta":{"_editorskit_title_hidden":false,"_editorskit_reading_time":0,"_editorskit_is_block_options_detached":false,"_editorskit_block_options_position":"{}","om_disable_all_campaigns":false,"_monsterinsights_skip_tracking":false,"_monsterinsights_sitenote_active":false,"_monsterinsights_sitenote_note":"","_monsterinsights_sitenote_category":0,"_uf_show_specific_survey":0,"_uf_disable_surveys":false,"site-sidebar-layout":"default","site-content-layout":"","ast-site-content-layout":"default","site-content-style":"default","site-sidebar-style":"default","ast-global-header-display":"","ast-banner-title-visibility":"","ast-main-header-display":"","ast-hfb-above-header-display":"","ast-hfb-below-header-display":"","ast-hfb-mobile-header-display":"","site-post-title":"","ast-breadcrumbs-content":"","ast-featured-img":"","footer-sml-layout":"","theme-transparent-header-meta":"default","adv-header-id-meta":"","stick-header-meta":"default","header-above-stick-meta":"","header-main-stick-meta":"","header-below-stick-meta":"","astra-migrate-meta-layouts":"set","ast-page-background-enabled":"default","ast-page-background-meta":{"desktop":{"background-color":"","background-image":"","background-repeat":"repeat","background-position":"center center","background-size":"auto","background-attachment":"scroll","background-type":"","background-media":"","overlay-type":"","overlay-color":"","overlay-opacity":"","overlay-gradient":""},"tablet":{"background-color":"","background-image":"","background-repeat":"repeat","background-position":"center center","background-size":"auto","background-attachment":"scroll","background-type":"","background-media":"","overlay-type":"","overlay-color":"","overlay-opacity":"","overlay-gradient":""},"mobile":{"background-color":"","background-image":"","background-repeat":"repeat","background-position":"center center","background-size":"auto","background-attachment":"scroll","background-type":"","background-media":"","overlay-type":"","overlay-color":"","overlay-opacity":"","overlay-gradient":""}},"ast-content-background-meta":{"desktop":{"background-color":"var(--ast-global-color-5)","background-image":"","background-repeat":"repeat","background-position":"center center","background-size":"auto","background-attachment":"scroll","background-type":"","background-media":"","overlay-type":"","overlay-color":"","overlay-opacity":"","overlay-gradient":""},"tablet":{"background-color":"var(--ast-global-color-5)","background-image":"","background-repeat":"repeat","background-position":"center center","background-size":"auto","background-attachment":"scroll","background-type":"","background-media":"","overlay-type":"","overlay-color":"","overlay-opacity":"","overlay-gradient":""},"mobile":{"background-color":"var(--ast-global-color-5)","background-image":"","background-repeat":"repeat","background-position":"center center","background-size":"auto","background-attachment":"scroll","background-type":"","background-media":"","overlay-type":"","overlay-color":"","overlay-opacity":"","overlay-gradient":""}},"footnotes":""},"class_list":["post-1160","page","type-page","status-publish","hentry"],"aioseo_notices":[],"_links":{"self":[{"href":"https:\/\/contarotacoes.com\/index.php?rest_route=\/wp\/v2\/pages\/1160","targetHints":{"allow":["GET"]}}],"collection":[{"href":"https:\/\/contarotacoes.com\/index.php?rest_route=\/wp\/v2\/pages"}],"about":[{"href":"https:\/\/contarotacoes.com\/index.php?rest_route=\/wp\/v2\/types\/page"}],"author":[{"embeddable":true,"href":"https:\/\/contarotacoes.com\/index.php?rest_route=\/wp\/v2\/users\/1"}],"replies":[{"embeddable":true,"href":"https:\/\/contarotacoes.com\/index.php?rest_route=%2Fwp%2Fv2%2Fcomments&post=1160"}],"version-history":[{"count":33,"href":"https:\/\/contarotacoes.com\/index.php?rest_route=\/wp\/v2\/pages\/1160\/revisions"}],"predecessor-version":[{"id":10909,"href":"https:\/\/contarotacoes.com\/index.php?rest_route=\/wp\/v2\/pages\/1160\/revisions\/10909"}],"wp:attachment":[{"href":"https:\/\/contarotacoes.com\/index.php?rest_route=%2Fwp%2Fv2%2Fmedia&parent=1160"}],"curies":[{"name":"wp","href":"https:\/\/api.w.org\/{rel}","templated":true}]}}