{"id":1155,"date":"2024-01-04T08:10:13","date_gmt":"2024-01-04T08:10:13","guid":{"rendered":"https:\/\/contarotacoes.com\/?page_id=1155"},"modified":"2024-02-07T11:18:49","modified_gmt":"2024-02-07T11:18:49","slug":"aviso-legal","status":"publish","type":"page","link":"https:\/\/contarotacoes.com\/?page_id=1155","title":{"rendered":"Aviso Legal"},"content":{"rendered":"\t\t<div data-elementor-type=\"wp-page\" data-elementor-id=\"1155\" class=\"elementor elementor-1155\" data-elementor-post-type=\"page\">\n\t\t\t\t<div class=\"elementor-element elementor-element-245402b9 e-flex e-con-boxed e-con e-parent\" data-id=\"245402b9\" data-element_type=\"container\">\n\t\t\t\t\t<div class=\"e-con-inner\">\n\t\t\t\t<div class=\"elementor-element elementor-element-3be9c395 elementor-widget elementor-widget-text-editor\" data-id=\"3be9c395\" data-element_type=\"widget\" data-widget_type=\"text-editor.default\">\n\t\t\t\t<div class=\"elementor-widget-container\">\n\t\t\t\t\t\t\t<!-- wp:paragraph -->\n<p>O conte\u00fado integral deste website, \u00e9 propriedade do www.contarotacoes.com, que det\u00e9m os direitos de autor sobre o mesmo, com excep\u00e7\u00e3o dos conte\u00fados fornecidos por parceiros que se encontrem identificados como tal. A protec\u00e7\u00e3o dos direitos de autor dos conte\u00fados deste website estende-se a todas as reprodu\u00e7\u00f5es ou c\u00f3pias, obtidas a partir do conte\u00fado deste website.<\/p>\n<!-- \/wp:paragraph -->\n\n<!-- wp:paragraph -->\n<p>Ao utilizar este website confirma que leu e aceita as condi\u00e7\u00f5es aqui descritas. Reservamos o direito de alterar os termos, sendo do utilizador a responsabilidade de ler ou reler os mesmos para se manter actualizado.<\/p>\n<!-- \/wp:paragraph -->\n\n<!-- wp:paragraph -->\n<p>N\u00e3o se garante que o acesso a este website seja ininterrupto ou livre de erros, v\u00edrus ou de outros materiais prejudiciais.<\/p>\n<!-- \/wp:paragraph -->\n\n<!-- wp:paragraph -->\n<p>O utilizador obriga-se, na utiliza\u00e7\u00e3o que fizer deste site, incluindo no envio de informa\u00e7\u00f5es que fizer para o mesmo, a respeitar a legisla\u00e7\u00e3o aplic\u00e1vel, nomeadamente, o C\u00f3digo do Direito de Autor e dos Direitos Conexos, o C\u00f3digo da Propriedade Industrial e a Lei da Criminalidade Inform\u00e1tica, bem como a agir de boa f\u00e9 e a fazer uma utiliza\u00e7\u00e3o do portal que n\u00e3o ofenda quaisquer direitos de terceiros, nomeadamente que n\u00e3o constitua qualquer ataque em fun\u00e7\u00e3o da ra\u00e7a, nacionalidade, origem \u00e9tnica, religi\u00e3o, convic\u00e7\u00e3o pol\u00edtica ou sexo, que n\u00e3o constitua difama\u00e7\u00e3o, incita\u00e7\u00e3o ao furto, fraude, viol\u00eancia, terrorismo, sadismo, prostitui\u00e7\u00e3o, pedofilia, bem como que n\u00e3o empregue conte\u00fados de car\u00e1cter obsceno, indecoroso ou pornogr\u00e1fico.<\/p>\n<!-- \/wp:paragraph -->\t\t\t\t\t\t<\/div>\n\t\t\t\t<\/div>\n\t\t\t\t\t<\/div>\n\t\t\t\t<\/div>\n\t\t\t\t<\/div>\n\t\t","protected":false},"excerpt":{"rendered":"<p>O conte\u00fado integral deste website, \u00e9 propriedade do www.contarotacoes.com, que det\u00e9m os direitos de autor sobre o mesmo, com excep\u00e7\u00e3o dos conte\u00fados fornecidos por parceiros que se encontrem identificados como tal. A protec\u00e7\u00e3o dos direitos de autor dos conte\u00fados deste website estende-se a todas as reprodu\u00e7\u00f5es ou c\u00f3pias, obtidas a partir do conte\u00fado deste website. [&hellip;]<\/p>\n","protected":false},"author":1,"featured_media":0,"parent":0,"menu_order":0,"comment_status":"closed","ping_status":"closed","template":"","meta":{"_editorskit_title_hidden":false,"_editorskit_reading_time":0,"_editorskit_is_block_options_detached":false,"_editorskit_block_options_position":"{}","om_disable_all_campaigns":false,"_monsterinsights_skip_tracking":false,"_monsterinsights_sitenote_active":false,"_monsterinsights_sitenote_note":"","_monsterinsights_sitenote_category":0,"_uf_show_specific_survey":0,"_uf_disable_surveys":false,"site-sidebar-layout":"default","site-content-layout":"","ast-site-content-layout":"default","site-content-style":"default","site-sidebar-style":"default","ast-global-header-display":"","ast-banner-title-visibility":"","ast-main-header-display":"","ast-hfb-above-header-display":"","ast-hfb-below-header-display":"","ast-hfb-mobile-header-display":"","site-post-title":"","ast-breadcrumbs-content":"","ast-featured-img":"","footer-sml-layout":"","theme-transparent-header-meta":"","adv-header-id-meta":"","stick-header-meta":"","header-above-stick-meta":"","header-main-stick-meta":"","header-below-stick-meta":"","astra-migrate-meta-layouts":"set","ast-page-background-enabled":"default","ast-page-background-meta":{"desktop":{"background-color":"","background-image":"","background-repeat":"repeat","background-position":"center center","background-size":"auto","background-attachment":"scroll","background-type":"","background-media":"","overlay-type":"","overlay-color":"","overlay-opacity":"","overlay-gradient":""},"tablet":{"background-color":"","background-image":"","background-repeat":"repeat","background-position":"center center","background-size":"auto","background-attachment":"scroll","background-type":"","background-media":"","overlay-type":"","overlay-color":"","overlay-opacity":"","overlay-gradient":""},"mobile":{"background-color":"","background-image":"","background-repeat":"repeat","background-position":"center center","background-size":"auto","background-attachment":"scroll","background-type":"","background-media":"","overlay-type":"","overlay-color":"","overlay-opacity":"","overlay-gradient":""}},"ast-content-background-meta":{"desktop":{"background-color":"var(--ast-global-color-5)","background-image":"","background-repeat":"repeat","background-position":"center center","background-size":"auto","background-attachment":"scroll","background-type":"","background-media":"","overlay-type":"","overlay-color":"","overlay-opacity":"","overlay-gradient":""},"tablet":{"background-color":"var(--ast-global-color-5)","background-image":"","background-repeat":"repeat","background-position":"center center","background-size":"auto","background-attachment":"scroll","background-type":"","background-media":"","overlay-type":"","overlay-color":"","overlay-opacity":"","overlay-gradient":""},"mobile":{"background-color":"var(--ast-global-color-5)","background-image":"","background-repeat":"repeat","background-position":"center center","background-size":"auto","background-attachment":"scroll","background-type":"","background-media":"","overlay-type":"","overlay-color":"","overlay-opacity":"","overlay-gradient":""}},"footnotes":""},"class_list":["post-1155","page","type-page","status-publish","hentry"],"aioseo_notices":[],"_links":{"self":[{"href":"https:\/\/contarotacoes.com\/index.php?rest_route=\/wp\/v2\/pages\/1155","targetHints":{"allow":["GET"]}}],"collection":[{"href":"https:\/\/contarotacoes.com\/index.php?rest_route=\/wp\/v2\/pages"}],"about":[{"href":"https:\/\/contarotacoes.com\/index.php?rest_route=\/wp\/v2\/types\/page"}],"author":[{"embeddable":true,"href":"https:\/\/contarotacoes.com\/index.php?rest_route=\/wp\/v2\/users\/1"}],"replies":[{"embeddable":true,"href":"https:\/\/contarotacoes.com\/index.php?rest_route=%2Fwp%2Fv2%2Fcomments&post=1155"}],"version-history":[{"count":4,"href":"https:\/\/contarotacoes.com\/index.php?rest_route=\/wp\/v2\/pages\/1155\/revisions"}],"predecessor-version":[{"id":1455,"href":"https:\/\/contarotacoes.com\/index.php?rest_route=\/wp\/v2\/pages\/1155\/revisions\/1455"}],"wp:attachment":[{"href":"https:\/\/contarotacoes.com\/index.php?rest_route=%2Fwp%2Fv2%2Fmedia&parent=1155"}],"curies":[{"name":"wp","href":"https:\/\/api.w.org\/{rel}","templated":true}]}}